{"id":934,"date":"2017-12-26T14:22:03","date_gmt":"2017-12-26T13:22:03","guid":{"rendered":"https:\/\/dev.vegconom.de\/germany\/wp-test\/?page_id=934"},"modified":"2024-08-06T12:25:53","modified_gmt":"2024-08-06T10:25:53","slug":"ueber-uns","status":"publish","type":"page","link":"https:\/\/dev.vegconom.de\/germany\/ueber-uns\/","title":{"rendered":"\u00dcber uns"},"content":{"rendered":"<p>Vegconomist ist das Wirtschaftsmagazin f\u00fcr Entscheider in der veganen und zellbasierten Gesch\u00e4ftswelt. Wir berichten \u00fcber kultiviertes Fleisch, neue Produkte, M\u00e4rkte, Investitionen, Handel, Startups, f\u00fchren exklusive Interviews und mehr.<\/p>\n<hr>\n<p>vegconomist ist <strong>das Business-Magazin f\u00fcr Entscheider<\/strong> und Influencer rund um das Thema Veganismus. vegconomist berichtet \u00fcber <strong>aktuelle Entwicklungen<\/strong> in Unternehmen, Organisationen und im Handel sowie \u00fcber <strong><a href=\"https:\/\/dev.vegconom.de\/germany\/neue-produkte\/\">Produkte<\/a>, Trends und <a href=\"https:\/\/dev.vegconom.de\/germany\/markt-und-trends\/\">M\u00e4rkte<\/a><\/strong>. vegconomist aggregiert relevante vegane Businessthemen und schlie\u00dft eine mediale Angebotsl\u00fccke.<\/p>\n<p>Mit der Veggie-Welle entstanden etliche vegane Magazine und Blogs, die sich mit der veganen Lebensweise auseinandersetzen. Nahezu alle sprechen jedoch ausschlie\u00dflich Endverbraucher an. In traditionellen Fach(handels)magazinen wird das Thema Veganismus nur am Rande behandelt. vegconomist richtet sich mit seinem Informationsangebot hingegen an die Menschen in Unternehmen und Organisationen, sowie Menschen im Handel, die im veganen Markt aktiv sind und vegane oder vegan-affine Produkte anbieten oder eine vegane Lebensweise promoten.<\/p><div class=\"vegco-after-3rd-paragraph-in-content-desktop-only\" style=\"margin-top: 20px;margin-bottom: 45px;\" id=\"vegco-471398928\">        <div class=\"sponsored-post-container advadgroup\" style=\"margin-top: 12px; margin-bottom: 45px;\">\r\n            <p style=\"border-bottom: solid #333 2px; padding-bottom: 5px; font-weight: 900; font-size: 16px;\">Sponsored<\/p>\r\n                            <div class=\"preview-inside-article\">\r\n                    <div class=\"post-image\">\r\n                        <a style=\" text-decoration: none;\" href=\"https:\/\/dev.vegconom.de\/germany\/stellenanzeigen\/mediaberater-m-w-d-gesucht-20-30-stunden-woche\/\">\r\n                                                    <\/a>\r\n                    <\/div>\r\n                    <div class=\"entry-header\">\r\n                        <a\r\n                            style=\"color: #333; font-size:18px!important; text-decoration: none;\" href=\"https:\/\/dev.vegconom.de\/germany\/stellenanzeigen\/mediaberater-m-w-d-gesucht-20-30-stunden-woche\/\">\r\n                            Mediaberater (m\/w\/d) gesucht (20-30 Stunden\/Woche)                        <\/a>\r\n                    <\/div>\r\n                <\/div>\r\n                        <\/div>\r\n        <\/div>\n<p>vegconomist wendet sich ebenso an die <strong>Akteure in der Ern\u00e4hrungs-, Umwelt- und Gesundheits<a href=\"https:\/\/dev.vegconom.de\/germany\/politik-gesellschaft\/politik\/\">politik<\/a><\/strong>, die erkannt haben, dass die konventionelle <a href=\"https:\/\/dev.vegconom.de\/germany\/agrarwirtschaft\/\">Agrarindustrie<\/a> und die Massentierhaltung viele Probleme hervorbringen und die \u00fcberzeugt sind, dass die F\u00f6rderung einer pflanzlichen Lebensweise einen gro\u00dfen Teil der Probleme l\u00f6sen kann und sich am Ende volkswirtschaftlich rechnet.<\/p>\n<p>vegconomist (nicht veconomist&nbsp;oder vecgonomist) ist <strong>vollkommen unabh\u00e4ngig von Organisationen, Parteien und Verb\u00e4nden<\/strong>. Die Redaktion favorisiert jedoch eine pflanzliche Lebensweise und eine bio-vegane Landwirtschaft.<\/p><div class=\"vegco-after-5th-paragraph-in-content-mobile-only\" style=\"margin-top: 20px;margin-bottom: 20px;\" id=\"vegco-646053647\"><div class=\"vegco-adlabel\">Anzeige<\/div>        <div class=\"sponsored-post-container advadgroup\" style=\"margin-top: 12px; margin-bottom: 45px;\">\r\n            <p style=\"border-bottom: solid #333 2px; padding-bottom: 5px; font-weight: 900; font-size: 16px;\">Sponsored<\/p>\r\n                            <div class=\"preview-inside-article\">\r\n                    <div class=\"post-image\">\r\n                        <a style=\" text-decoration: none;\" href=\"https:\/\/dev.vegconom.de\/germany\/marketing-und-medien\/update-business-webtalk-teil-7\/\">\r\n                            <img loading=\"lazy\" decoding=\"async\" width=\"1200\" height=\"900\" src=\"https:\/\/assets.vegconom.de\/media\/wp-content\/uploads\/sites\/2\/2024\/11\/13100235\/DECEMBER-Artikel-HeaderThumbnail-update-1200-x-900-px-vegconomist-update-business-webtalk.jpg\" class=\"attachment-full size-full wp-post-image\" alt=\"update business webtalk\" srcset=\"https:\/\/assets.vegconom.de\/media\/wp-content\/uploads\/sites\/2\/2024\/11\/13100235\/DECEMBER-Artikel-HeaderThumbnail-update-1200-x-900-px-vegconomist-update-business-webtalk.jpg 1200w, https:\/\/assets.vegconom.de\/media\/wp-content\/uploads\/sites\/2\/2024\/11\/13100235\/DECEMBER-Artikel-HeaderThumbnail-update-1200-x-900-px-vegconomist-update-business-webtalk-300x225.jpg 300w, https:\/\/assets.vegconom.de\/media\/wp-content\/uploads\/sites\/2\/2024\/11\/13100235\/DECEMBER-Artikel-HeaderThumbnail-update-1200-x-900-px-vegconomist-update-business-webtalk-1024x768.jpg 1024w, https:\/\/assets.vegconom.de\/media\/wp-content\/uploads\/sites\/2\/2024\/11\/13100235\/DECEMBER-Artikel-HeaderThumbnail-update-1200-x-900-px-vegconomist-update-business-webtalk-150x113.jpg 150w, https:\/\/assets.vegconom.de\/media\/wp-content\/uploads\/sites\/2\/2024\/11\/13100235\/DECEMBER-Artikel-HeaderThumbnail-update-1200-x-900-px-vegconomist-update-business-webtalk-768x576.jpg 768w\" sizes=\"(max-width: 1200px) 100vw, 1200px\" \/>                        <\/a>\r\n                    <\/div>\r\n                    <div class=\"entry-header\">\r\n                        <a\r\n                            style=\"color: #333; font-size:18px!important; text-decoration: none;\" href=\"https:\/\/dev.vegconom.de\/germany\/marketing-und-medien\/update-business-webtalk-teil-7\/\">\r\n                            update Business Webtalk Teil 7: Reflecting on 2024 and Future Prospects \u2013 What\u2019s Next in the Alt Protein Industry?                        <\/a>\r\n                    <\/div>\r\n                <\/div>\r\n                        <\/div>\r\n        <\/div>\n<p>Gegr\u00fcndet wurde vegconomist 2018 von <a href=\"https:\/\/www.linkedin.com\/in\/peter-link-457840b1\/\" target=\"_blank\" rel=\"noopener\">Peter Link<\/a>, der seit \u00fcber 30 Jahren in den Bereichen Journalismus, PR und Marketing(kommunikation) mit besonderem Fokus auf b2b- und Handelsthemen unterwegs ist. Er lebt seit Jahren vegan und ist Mitgr\u00fcnder eines veganen Food-Unternehmens sowie einer Marketingkommunikationsagentur f\u00fcr vegane Produkte.<\/p>\n<p>Hier finden Sie unseren <a href=\"https:\/\/dev.vegconom.de\/germany\/leitfaden-pressemitteilungen\/\">Leitfaden f\u00fcr Pressemitteilungen und redaktionelle Ver\u00f6ffentlichungen<\/a><\/p>\n<div class=\"vegco-after-content\" id=\"vegco-3230949769\"><hr>\r\n<p style=\"background-color: #e0e0e0; padding: 15px;\"><strong>Jetzt vegconomist+ Unterst\u00fctzer:in werden!<\/strong>\r\n<br>\r\nvegconomist publiziert unabh\u00e4ngig von gro\u00dfen Verlagen. Ihre Unterst\u00fctzung hilft uns dabei, auf vegconomist.de frei zug\u00e4nglich f\u00fcr alle zu bleiben.\r\n<br>\r\n<a href=\"https:\/\/dev.vegconom.de\/germany\/vegconomist-plus\/\">>>> Jetzt unterst\u00fctzen<\/a><\/p><\/div>","protected":false},"excerpt":{"rendered":"<p>Vegconomist ist das Wirtschaftsmagazin f\u00fcr Entscheider in der veganen und zellbasierten Gesch\u00e4ftswelt. Wir berichten \u00fcber kultiviertes Fleisch, neue Produkte, M\u00e4rkte, Investitionen, Handel, Startups, f\u00fchren exklusive Interviews und mehr. vegconomist ist das Business-Magazin f\u00fcr Entscheider und Influencer rund um das Thema Veganismus. vegconomist berichtet \u00fcber aktuelle Entwicklungen in Unternehmen, Organisationen und im Handel sowie \u00fcber Produkte, Trends und M\u00e4rkte. vegconomist aggregiert relevante vegane Businessthemen und schlie\u00dft eine mediale Angebotsl\u00fccke. Mit der &#8230; <\/p>\n<p class=\"read-more-container\"><a title=\"update Business Webtalk Teil 7: Reflecting on 2024 and Future Prospects \u2013 What\u2019s Next in the Alt Protein Industry?\" class=\"read-more button\" href=\"https:\/\/dev.vegconom.de\/germany\/marketing-und-medien\/update-business-webtalk-teil-7\/#more-120253\" aria-label=\"Mehr Informationen \u00fcber update Business Webtalk Teil 7: Reflecting on 2024 and Future Prospects \u2013 What\u2019s Next in the Alt Protein Industry?\">mehr<\/a><\/p>\n","protected":false},"author":3,"featured_media":0,"parent":0,"menu_order":0,"comment_status":"closed","ping_status":"closed","template":"","meta":{"_mo_disable_npp":"","ngg_post_thumbnail":0,"footnotes":""},"class_list":["post-934","page","type-page","status-publish","hentry","infinite-scroll-item"],"_links":{"self":[{"href":"https:\/\/dev.vegconom.de\/germany\/wp-json\/wp\/v2\/pages\/934","targetHints":{"allow":["GET"]}}],"collection":[{"href":"https:\/\/dev.vegconom.de\/germany\/wp-json\/wp\/v2\/pages"}],"about":[{"href":"https:\/\/dev.vegconom.de\/germany\/wp-json\/wp\/v2\/types\/page"}],"author":[{"embeddable":true,"href":"https:\/\/dev.vegconom.de\/germany\/wp-json\/wp\/v2\/users\/3"}],"replies":[{"embeddable":true,"href":"https:\/\/dev.vegconom.de\/germany\/wp-json\/wp\/v2\/comments?post=934"}],"version-history":[{"count":1,"href":"https:\/\/dev.vegconom.de\/germany\/wp-json\/wp\/v2\/pages\/934\/revisions"}],"predecessor-version":[{"id":115024,"href":"https:\/\/dev.vegconom.de\/germany\/wp-json\/wp\/v2\/pages\/934\/revisions\/115024"}],"wp:attachment":[{"href":"https:\/\/dev.vegconom.de\/germany\/wp-json\/wp\/v2\/media?parent=934"}],"curies":[{"name":"wp","href":"https:\/\/api.w.org\/{rel}","templated":true}]}}