{"id":28809,"date":"2020-06-29T15:07:56","date_gmt":"2020-06-29T13:07:56","guid":{"rendered":"https:\/\/dev.vegconom.de\/germany\/?page_id=28809"},"modified":"2023-03-06T13:23:53","modified_gmt":"2023-03-06T12:23:53","slug":"newsletter","status":"publish","type":"page","link":"https:\/\/dev.vegconom.de\/germany\/newsletter\/","title":{"rendered":"Newsletter"},"content":{"rendered":"<p style=\"text-align: left !important;\">\n<!-- This site converts visitors into subscribers and customers with the MailOptin WordPress plugin v2.2.75.2 - https:\/\/mailoptin.io -->\n<div id='sspWkbHpMF' class=\"moOptinForm mo-optin-form-sidebar mo-has-email\" data-optin-type='sidebar' style=''><div class='mo-optin-form-container' id='sspWkbHpMF_sidebar_container' style='position:relative;margin: 0 auto;'><script type=\"text\/javascript\">var sspWkbHpMF = sspWkbHpMF_sidebar = {\"optin_uuid\":\"sspWkbHpMF\",\"optin_campaign_id\":53,\"optin_campaign_name\":\"Newsletter Landing Page \\\/newsletter\\\/\",\"optin_type\":\"sidebar\",\"post_id\":0,\"cookie\":30,\"success_cookie\":30,\"global_cookie\":0,\"global_success_cookie\":0,\"success_message\":\"Thanks for subscribing!\",\"name_field_required\":false,\"is_split_test\":false,\"success_action\":\"redirect_url\",\"state_after_conversion\":\"success_message_shown\",\"redirect_url_value\":\"https:\\\/\\\/dev.vegconom.de\\\/germany\\\/newsletter-anmeldung-fast-abgeschlossen\\\/\",\"pass_lead_data\":false,\"test_mode\":false,\"icon_close\":false,\"unexpected_error\":\"Unexpected error. Please try again.\",\"email_missing_error\":\"Please enter a valid email.\",\"name_missing_error\":\"Please enter a name.\",\"custom_field_required_error\":\"A required field is empty.\",\"note_acceptance_error\":\"Bitte stimmen Sie der Verwendung Ihrer E-Mail-Adresse zum Versand des Newsletters zu.\",\"honeypot_error\":\"Your submission has been flagged as potential spam.\",\"effects\":\"\",\"ga_active\":true,\"device_targeting_hide_desktop\":false,\"device_targeting_hide_tablet\":false,\"device_targeting_hide_mobile\":false};<\/script><style class=\"mo-optin-form-stylesheet\" type=\"text\/css\">html div#sspWkbHpMF div#sspWkbHpMF_sidebar.lupinSidebar-container { background: #1998D6; -webkit-border-radius: 5px; -moz-border-radius: 5px; border-radius: 5px; border: 3px solid #1998d6; max-width: 350px; padding: 10px 20px 30px; color: #fff; text-align: center; margin: 0 auto; -webkit-box-sizing: border-box; -moz-box-sizing: border-box; box-sizing: border-box; } html div#sspWkbHpMF div#sspWkbHpMF_sidebar.lupinSidebar-container h2.lupinSidebar-heading { color: #fff; line-height: 30px; margin: 10px 0; } html div#sspWkbHpMF div#sspWkbHpMF_sidebar.lupinSidebar-container .lupinSidebar-description { margin-top: 12px; color: #fff; } html div#sspWkbHpMF div#sspWkbHpMF_sidebar.lupinSidebar-container .lupinSidebar-form { padding: 0 20px; margin: 30px auto 0; } html div#sspWkbHpMF div#sspWkbHpMF_sidebar.lupinSidebar-container input.lupinSidebar-input, html div#sspWkbHpMF div#sspWkbHpMF_sidebar.lupinSidebar-container input.mo-optin-form-custom-field.text-field, html div#sspWkbHpMF div#sspWkbHpMF_sidebar.lupinSidebar-container input.mo-optin-form-custom-field.password-field, html div#sspWkbHpMF div#sspWkbHpMF_sidebar.lupinSidebar-container input.mo-optin-form-custom-field.date-field, html div#sspWkbHpMF div#sspWkbHpMF_sidebar.lupinSidebar-container select.mo-optin-form-custom-field, html div#sspWkbHpMF div#sspWkbHpMF_sidebar.lupinSidebar-container textarea.mo-optin-form-custom-field.textarea-field { display: block; width: 100%; margin-top: 5px; border: 0; -webkit-border-radius: 3px; -moz-border-radius: 3px; border-radius: 3px; padding: 12px 10px; -webkit-box-sizing: border-box; -moz-box-sizing: border-box; box-sizing: border-box; font-size: 16px; line-height: 16px; color: #555; background: #ffffff; outline: none; } html div#sspWkbHpMF div#sspWkbHpMF_sidebar.lupinSidebar-container input.lupinSidebar-input, html div#sspWkbHpMF div#sspWkbHpMF_sidebar.lupinSidebar-container input.mo-optin-form-custom-field.text-field, html div#sspWkbHpMF div#sspWkbHpMF_sidebar.lupinSidebar-container input.mo-optin-form-custom-field.password-field, html div#sspWkbHpMF div#sspWkbHpMF_sidebar.lupinSidebar-container input.mo-optin-form-custom-field.date-field, html div#sspWkbHpMF div#sspWkbHpMF_sidebar.lupinSidebar-container textarea.mo-optin-form-custom-field.textarea-field { -webkit-appearance: none; } html div#sspWkbHpMF div#sspWkbHpMF_sidebar.lupinSidebar-container textarea.mo-optin-form-custom-field.textarea-field { min-height: 80px; } html div#sspWkbHpMF div#sspWkbHpMF_sidebar.lupinSidebar-container input.lupinSidebar-submit, html div#sspWkbHpMF div#sspWkbHpMF_sidebar.lupinSidebar-container input[type=\"submit\"].mo-optin-form-cta-button { display: block; width: 100%; -webkit-box-sizing: border-box; -moz-box-sizing: border-box; box-sizing: border-box; margin-top: 8px; -webkit-appearance: none; border: 0; background: #FEC32D; -webkit-border-radius: 3px; -moz-border-radius: 3px; border-radius: 3px; padding: 12px; font-size: 16px; line-height: 16px; text-align: center; color: #fff; outline: none; text-transform: uppercase; cursor: pointer; font-weight: 700; } html div#sspWkbHpMF div#sspWkbHpMF_sidebar.lupinSidebar-container .lupinSidebar-note { line-height: 1.5; text-align: center; color: #fff; margin-top: 10px } html div#sspWkbHpMF div#sspWkbHpMF_sidebar.lupinSidebar-container .mo-optin-error { display: none; background: #FF0000; color: #ffffff; text-align: center; padding: .2em; margin: 0 auto -5px; width: 100%; font-size: 16px; -webkit-box-sizing: border-box; -moz-box-sizing: border-box; box-sizing: border-box; border: 1px solid #FF0000; } html div#sspWkbHpMF div#sspWkbHpMF_sidebar.lupinSidebar-container .mo-optin-fields-wrapper .list_subscription-field { margin-top: 10px; } html div#sspWkbHpMF div#sspWkbHpMF_sidebar.lupinSidebar-container .mo-optin-fields-wrapper select.list_subscription-field { margin-top: 5px; }div#sspWkbHpMF *, div#sspWkbHpMF *:before, div#sspWkbHpMF *:after {box-sizing: border-box;-webkit-box-sizing: border-box;-moz-box-sizing: border-box;}div#sspWkbHpMF_sidebar_container div#sspWkbHpMF_sidebar .mo-optin-field:focus {outline:0}div#sspWkbHpMF_sidebar_container div#sspWkbHpMF_sidebar .mo-optin-form-submit-button:focus {outline:0}div#sspWkbHpMF_sidebar_container div.mo-optin-powered-by{margin:5px auto 2px;text-align:center;}div#sspWkbHpMF_sidebar_container div.mo-optin-powered-by a {font-size:16px !important; text-decoration: none !important;box-shadow:none !important;border-bottom-width:0px !important;cursor:pointer !important;}div#sspWkbHpMF_sidebar_container .mo-acceptance-checkbox {background-color: #fff;line-height: 0;border: 1px solid #bbb;width: 16px;min-width: 16px;height: 16px;margin: 0 5px 0 0 !important;outline: 0;text-align: center;vertical-align: middle;clear: none;cursor: pointer;}div#sspWkbHpMF_sidebar_container .mo-acceptance-label {cursor:pointer}div#sspWkbHpMF_sidebar_container div#sspWkbHpMF_sidebar p {padding:0px !important;margin:0px !important;color:inherit;}div#sspWkbHpMF .mo-optin-form-wrapper label {color:inherit;font-weight: normal;margin: 0;padding:0;}div#sspWkbHpMF div#sspWkbHpMF_sidebar_container div#sspWkbHpMF_sidebar input[type=submit] {-webkit-appearance: none;}div#sspWkbHpMF div#sspWkbHpMF_sidebar_container div#sspWkbHpMF_sidebar input {z-index: auto;}div#sspWkbHpMF.mo-cta-button-flag .mo-optin-form-note .mo-acceptance-label {display:none;}div#sspWkbHpMF .mailoptin-video-container { position: relative; padding-bottom: 56.25%; height: 0; overflow: hidden; } div#sspWkbHpMF .mailoptin-video-container iframe, div#sspWkbHpMF .mailoptin-video-container object, div#sspWkbHpMF .mailoptin-video-container embed, div#sspWkbHpMF .mailoptin-video-container video { position: absolute; top: 0; left: 0; width: 100%; height: 100%; }html div#sspWkbHpMF div#sspWkbHpMF_sidebar.mo-optin-form-wrapper {max-width:350px !important}div#sspWkbHpMF_sidebar #mo-optin-form-name-field {display: none !important;}#sspWkbHpMF .mo-optin-form-container .mo-optin-spinner { border-radius: inherit; position: absolute; width: 100%; height: 100%; background: #fff url(https:\/\/dev.vegconom.de\/germany\/wp-content\/plugins\/mailoptin\/src\/core\/src\/assets\/images\/spinner.gif) 50% 50% no-repeat; left: 0; top: 0; opacity: 0.99; filter: alpha(opacity=80); } #sspWkbHpMF .mo-optin-form-container .mo-optin-success-close { font-size: 32px !important; font-family: \"HelveticaNeue - Light\", \"Helvetica Neue Light\", \"Helvetica Neue\", Helvetica, Arial, \"Lucida Grande\", sans-serif !important; color: #282828 !important; font-weight: 300 !important; position: absolute !important; top: 0 !important; right: 10px !important; background: none !important; text-decoration: none !important; width: auto !important; height: auto !important; display: block !important; line-height: 32px !important; padding: 0 !important; -moz-box-shadow: none !important; -webkit-box-shadow: none !important; box-shadow: none !important; } #sspWkbHpMF .mo-optin-form-container .mo-optin-form-wrapper .mo-optin-success-msg { font-size: 21px; font-family: \"HelveticaNeue - Light\", \"Helvetica Neue Light\", \"Helvetica Neue\", Helvetica, Arial, \"Lucida Grande\", sans-serif; color: #282828 !important; font-weight: 300; text-align: center; margin: 0 auto; width: 100%; position: absolute !important; left: 50%; top: 50%; -webkit-transform: translate(-50%, -50%); -moz-transform: translate(-50%, -50%); -o-transform: translate(-50%, -50%); -ms-transform: translate(-50%, -50%); transform: translate(-50%, -50%); } #sspWkbHpMF .mo-optin-form-container .mo-optin-form-wrapper .mo-optin-success-msg a { color: #0000EE; text-decoration: underline; } html div#sspWkbHpMF .mo-optin-form-container .mo-optin-form-wrapper .mo-optin-fields-wrapper .list_subscription-field:not(select), html div#sspWkbHpMF .mo-optin-form-container .mo-optin-form-wrapper .mo-optin-fields-wrapper .checkbox-field, html div#sspWkbHpMF .mo-optin-form-container .mo-optin-form-wrapper .mo-optin-fields-wrapper .radio-field, html div#sspWkbHpMF .mo-optin-form-container .mo-optin-form-wrapper .mo-optin-fields-wrapper .select-field { margin-top: 6px; } html div#sspWkbHpMF .mo-optin-form-container .mo-optin-form-wrapper .mo-optin-fields-wrapper .checkbox-field, html div#sspWkbHpMF .mo-optin-form-container .mo-optin-form-wrapper .mo-optin-fields-wrapper .radio-field, html div#sspWkbHpMF .mo-optin-form-container .mo-optin-form-wrapper .mo-optin-fields-wrapper .select-field { text-align: left; padding: 6px; } html div#sspWkbHpMF .mo-optin-form-container .mo-optin-form-wrapper .mo-optin-fields-wrapper .checkbox-field label, html div#sspWkbHpMF .mo-optin-form-container .mo-optin-form-wrapper .mo-optin-fields-wrapper .radio-field label { display: block; text-align: left; margin-top: 6px; } html div#sspWkbHpMF .mo-optin-form-container .mo-optin-form-wrapper .mo-optin-fields-wrapper .checkbox-field label input, html div#sspWkbHpMF .mo-optin-form-container .mo-optin-form-wrapper .mo-optin-fields-wrapper .radio-field label input { margin-right: 5px; vertical-align: middle; } html div#sspWkbHpMF .mo-optin-form-container .mo-optin-form-wrapper .mo-optin-fields-wrapper .select-field select { width: 100%; } html div#sspWkbHpMF div#sspWkbHpMF_sidebar .mo-optin-fields-wrapper .list_subscription-field:not(select), html div#sspWkbHpMF div#sspWkbHpMF_sidebar .mo-optin-fields-wrapper .mo-optin-form-custom-field.checkbox-field, html div#sspWkbHpMF div#sspWkbHpMF_sidebar .mo-optin-fields-wrapper .mo-optin-form-custom-field.radio-field { padding: 0 !important; border: 0 !important; background: transparent !important; } html div#sspWkbHpMF .mo-optin-form-container .mo-optin-form-wrapper .mo-optin-fields-wrapper .list_subscription-field label { display: block !important; margin: 5px 0 !important; } html div#sspWkbHpMF .mo-optin-form-container .mo-optin-form-wrapper .mo-optin-fields-wrapper .list_subscription-field label:last-child { margin: 0; } html div#sspWkbHpMF .mo-optin-form-container .mo-optin-form-wrapper .mo-optin-fields-wrapper .list_subscription-field input[type=checkbox] { cursor: pointer; } .mailoptin-content-lock { color: transparent!important; text-shadow: rgba(0,0,0,.5) 0 0 10px; -moz-user-select: none; -ms-user-select: none; user-select: none; pointer-events: none; filter: url(\"data:image\/svg+xml;utf9,<svg%20version='1.1'%20xmlns='http:\/\/www.w3.org\/2000\/svg'><filter%20id='blur'><feGaussianBlur%20stdDeviation='10'%20\/><\/filter><\/svg>#blur\"); -webkit-filter: blur(10px); -ms-filter: blur(10px); -o-filter: blur(10px); filter: blur(10px); } div#sspWkbHpMF div#sspWkbHpMF_sidebar .mo-optin-form-headline, div#sspWkbHpMF div.mo-optin-form-container h2, div#sspWkbHpMF div.mo-optin-form-container h1 { font-size: 20px !important; }div#sspWkbHpMF div#sspWkbHpMF_sidebar .mo-optin-form-description, div#sspWkbHpMF div.mo-optin-form-container div#sspWkbHpMF_sidebar p { font-size: 16px !important; }div#sspWkbHpMF div#sspWkbHpMF_sidebar .mo-optin-form-note { font-size: 12px !important; }@media screen and (max-width: 768px) { div#sspWkbHpMF div#sspWkbHpMF_sidebar .mo-optin-form-headline, div#sspWkbHpMF div.mo-optin-form-container div#sspWkbHpMF_sidebar h2, div#sspWkbHpMF div.mo-optin-form-container div#sspWkbHpMF_sidebar h1 { font-size: 20px !important; } div#sspWkbHpMF div#sspWkbHpMF_sidebar .mo-optin-form-description, div#sspWkbHpMF div.mo-optin-form-container div#sspWkbHpMF_sidebar p { font-size: 16px !important; } div#sspWkbHpMF div#sspWkbHpMF_sidebar .mo-optin-form-note { font-size: 12px !important; } }@media screen and (max-width: 480px) { div#sspWkbHpMF div#sspWkbHpMF_sidebar .mo-optin-form-headline, div#sspWkbHpMF div.mo-optin-form-container div#sspWkbHpMF_sidebar h2, div#sspWkbHpMF div.mo-optin-form-container div#sspWkbHpMF_sidebar h1 { font-size: 20px !important; } div#sspWkbHpMF div#sspWkbHpMF_sidebar .mo-optin-form-description, div#sspWkbHpMF div.mo-optin-form-container div#sspWkbHpMF_sidebar p { font-size: 16px !important; } div#sspWkbHpMF div#sspWkbHpMF_sidebar .mo-optin-form-note, div#sspWkbHpMF div#sspWkbHpMF_sidebar .mo-optin-form-note * { font-size: 12px !important; } } #sspWkbHpMF #sspWkbHpMF_sidebar .mo-optin-field.mo-optin-form-name-field::-webkit-input-placeholder { color: #555555 !important; } #sspWkbHpMF #sspWkbHpMF_sidebar .mo-optin-field.mo-optin-form-name-field:-ms-input-placeholder { color: #555555 !important; } #sspWkbHpMF #sspWkbHpMF_sidebar .mo-optin-field.mo-optin-form-name-field::placeholder { color: #555555 !important; } #sspWkbHpMF #sspWkbHpMF_sidebar .mo-optin-field.mo-optin-form-email-field::-webkit-input-placeholder { color: #555555 !important; } #sspWkbHpMF #sspWkbHpMF_sidebar .mo-optin-field.mo-optin-form-email-field:-ms-input-placeholder { color: #555555 !important; } #sspWkbHpMF #sspWkbHpMF_sidebar .mo-optin-field.mo-optin-form-email-field::placeholder { color: #555555 !important; } div#sspWkbHpMF .mo-mailchimp-interest-container { margin: 0 10px 2px; } div#sspWkbHpMF .mo-mailchimp-interest-label { font-size: 16px; margin: 5px 0 2px; } div#sspWkbHpMF .mo-mailchimp-interest-category-label { font-size: 14px; margin: 5px 0 2px; } div#sspWkbHpMF input.mo-mailchimp-interest-choice { line-height: normal; border: 0; margin: 0 5px; } div#sspWkbHpMF span.mo-mailchimp-choice-label { vertical-align: middle; font-size: 14px; } div#sspWkbHpMF .mo-mailchimp-interest-choice-container { margin: 5px 0; }<\/style><div id=\"sspWkbHpMF_sidebar\" class=\"mo-optin-form-wrapper mo-has-email lupinSidebar-container\" style=\"position: relative;margin-right: auto;margin-left: auto;background-color: #ffffff;border-color: #ffffff;line-height: normal;\"><form method=\"post\" class='mo-optin-form' id='sspWkbHpMF_sidebar_form' style='margin:0;'><h2 class=\"mo-optin-form-headline lupinSidebar-heading\" style=\"color: #0a0a0a;display: none; padding: 0;\">Der vegconomist-Newsletter<br\/>Entscheidendes f\u00fcr Entscheider<\/h2><div class=\"mo-optin-form-description lupinSidebar-description\" style=\"color: #000000;\"><p style=\"text-align: left\"><strong>Der vegconomist-Newsletter<\/strong><br\/><strong>Entscheidendes f\u00fcr Entscheider<\/strong><\/p><p>\u00a0<\/p><p style=\"text-align: left\">Melden Sie sich f\u00fcr den <strong>vegconomist-Newsletter<\/strong> an und erhalten Sie <strong>regelm\u00e4\u00dfig<\/strong> die <strong>wichtigsten News<\/strong> aus der veganen Wirtschaft.<\/p><\/div><div class=\"lupinSidebar-form\"><div class=\"mo-optin-error \" style=''>Invalid email address<\/div><div class=\"mo-optin-fields-wrapper\" style=\"\"><input id=\"sspWkbHpMF_sidebar_name_field\" class=\"mo-optin-field mo-optin-form-name-field lupinSidebar-input\" style='color: #555555;height: auto;font-family: Gill Sans, Calibri, sans-serif;display: none;' type=\"text\" placeholder=\"Name\" name=\"mo-name\" value=\"\" autocomplete='on'> <input id=\"sspWkbHpMF_sidebar_email_field\" class=\"mo-optin-field mo-optin-form-email-field lupinSidebar-input\" style=\"color: #555555;height: auto;font-family: Gill Sans, Calibri, sans-serif;\" type=\"email\" placeholder=\"E-Mail-Adresse\" name=\"mo-email\" value=\"\" autocomplete='on'> <input id=\"sspWkbHpMF_sidebar_submit_button\" class=\"mo-optin-form-submit-button lupinSidebar-submit\" style=\"background: #81b800;color: #ffffff;height: auto;text-shadow: none;\" type=\"submit\" value=\"ANMELDEN\"> <\/div><input id=\"sspWkbHpMF_sidebar_cta_button\" class=\"mo-optin-form-cta-button \" style=\"background: #FEC32D;color: #ffffff;height: auto;text-shadow: none;font-family: 'Open Sans', Helvetica, Arial, sans-serif;display: none;\" type=\"submit\" value=\"Take Action Now!\"> <\/div><div class=\"mo-optin-form-note lupinSidebar-note\" style=\"color: #000000;\"><label class=\"mo-acceptance-label\"><input name=\"mo-acceptance\" class=\"mo-acceptance-checkbox\" type=\"checkbox\" value=\"yes\"><span class=\"mo-note-content\"><span>Ich stimme der Verwendung meiner Email-Adresse zur Zusendung eines regelm\u00e4\u00dfigen Newsletters zu. Widerruf jederzeit m\u00f6glich. Entsprechender Link am Ende jedes Newsletters.<\/span><span><br\/><u><a href=\"https:\/\/dev.vegconom.de\/germany\/datenschutzerklaerung\/#newsletter\">Datenschutzerkl\u00e4rung<\/a><\/u><\/span><span>&nbsp;<\/span><\/span><\/label><\/label><\/div><input id='sspWkbHpMF_sidebar_honeypot_email_field' type='text' name='mo-hp-email' value='' style='display:none'\/><input id=\"sspWkbHpMF_sidebar_honeypot_website_field\" type=\"text\" name=\"mo-hp-website\" value=\"\" style=\"display:none\"\/><\/form><div class='mo-optin-spinner' style='display:none'><\/div><div class=\"mo-optin-success-msg\" style=\"display:none\">Thanks for subscribing!<\/div><\/div><\/div><input id=\"sspWkbHpMF_sidebar_honeypot_timestamp\" type=\"hidden\" name=\"mo-timestamp\" value=\"1777744250\" style=\"display:none\"\/><\/div><!-- \/ MailOptin WordPress plugin. -->\n<\/p>\n<p><a href=\"https:\/\/dev.vegconom.de\/germany\/wp-content\/uploads\/vcards\/vegconomist_de.vcf\"><u>Klicken Sie hier, um vegconomist zu Ihrem Adressbuch hinzuzuf\u00fcgen und sicherzustellen, dass unsere E-Mails Ihren Posteingang erreichen!<\/u><\/a><\/p>\n","protected":false},"excerpt":{"rendered":"<p>Klicken Sie hier, um vegconomist zu Ihrem Adressbuch hinzuzuf\u00fcgen und sicherzustellen, dass unsere E-Mails Ihren Posteingang erreichen!<\/p>\n","protected":false},"author":5,"featured_media":0,"parent":0,"menu_order":0,"comment_status":"closed","ping_status":"closed","template":"","meta":{"_mo_disable_npp":"","ngg_post_thumbnail":0,"footnotes":""},"class_list":{"0":"post-28809","1":"page","2":"type-page","3":"status-publish","5":"infinite-scroll-item"},"_links":{"self":[{"href":"https:\/\/dev.vegconom.de\/germany\/wp-json\/wp\/v2\/pages\/28809","targetHints":{"allow":["GET"]}}],"collection":[{"href":"https:\/\/dev.vegconom.de\/germany\/wp-json\/wp\/v2\/pages"}],"about":[{"href":"https:\/\/dev.vegconom.de\/germany\/wp-json\/wp\/v2\/types\/page"}],"author":[{"embeddable":true,"href":"https:\/\/dev.vegconom.de\/germany\/wp-json\/wp\/v2\/users\/5"}],"replies":[{"embeddable":true,"href":"https:\/\/dev.vegconom.de\/germany\/wp-json\/wp\/v2\/comments?post=28809"}],"version-history":[{"count":0,"href":"https:\/\/dev.vegconom.de\/germany\/wp-json\/wp\/v2\/pages\/28809\/revisions"}],"wp:attachment":[{"href":"https:\/\/dev.vegconom.de\/germany\/wp-json\/wp\/v2\/media?parent=28809"}],"curies":[{"name":"wp","href":"https:\/\/api.w.org\/{rel}","templated":true}]}}