{"id":114925,"date":"2024-08-05T15:21:29","date_gmt":"2024-08-05T13:21:29","guid":{"rendered":"https:\/\/dev.vegconom.de\/germany\/?page_id=114925"},"modified":"2024-10-11T14:15:44","modified_gmt":"2024-10-11T12:15:44","slug":"leitfaden-pressemitteilungen","status":"publish","type":"page","link":"https:\/\/dev.vegconom.de\/germany\/leitfaden-pressemitteilungen\/","title":{"rendered":"Leitfaden f\u00fcr Pressemitteilungen und redaktionelle Ver\u00f6ffentlichungen"},"content":{"rendered":"<p><b>Die redaktionelle Arbeit und Ausrichtung von vegconomist:<\/b><\/p>\n<p><span style=\"font-weight: 400\">Wir sind ein rein digitales, veganes Wirtschaftsmagazin und berichten \u00fcber alle Themen, die f\u00fcr Unternehmen und Meinungsf\u00fchrer:innen im plant-based Sektor relevant sind, inklusive Non-Food und zellul\u00e4rer Landwirtschaft. Als Querschnittsmagazin liefert vegconomist relevante Informationen, die die gesamte Wertsch\u00f6pfungskette betreffen.\u00a0<\/span><\/p>\n<p><span style=\"font-weight: 400\">Unsere Leser:innen haben eines gemeinsam &#8211; das Interesse f\u00fcr Nachrichten rund um die plant-based Wirtschaft, Alternative Proteine und zellul\u00e4re Landwirtschaft. Zu unserer Leserschaft z\u00e4hlen Fachleute und Entscheider:innen aus der Food- und Non-Food-Industrie, Gro\u00df- und Einzelhandel, Au\u00dfer-Haus-Markt, Investment\/Finanzen, Bildung\/Forschung, Medien, Politik und NGO. Unsere Leser:innen sind als Business Developer im Mittelstand t\u00e4tig, bilden das Top-Management in multinationalen Konzernen oder Start-ups, oder sind in R&amp;D, Produktentwicklung oder f\u00fcr \u00f6ffentliche Institutionen aktiv. Auch andere Medien, der Bildungsbereich sowie NGO\u2019s konsultieren vegconomist News.<\/span><\/p><div class=\"vegco-after-3rd-paragraph-in-content-desktop-only\" style=\"margin-top: 20px;margin-bottom: 45px;\" id=\"vegco-3270780786\">        <div class=\"sponsored-post-container advadgroup\" style=\"margin-top: 12px; margin-bottom: 45px;\">\r\n            <p style=\"border-bottom: solid #333 2px; padding-bottom: 5px; font-weight: 900; font-size: 16px;\">Sponsored<\/p>\r\n                            <div class=\"preview-inside-article\">\r\n                    <div class=\"post-image\">\r\n                        <a style=\" text-decoration: none;\" href=\"https:\/\/dev.vegconom.de\/germany\/stellenanzeigen\/mediaberater-m-w-d-gesucht-20-30-stunden-woche\/\">\r\n                                                    <\/a>\r\n                    <\/div>\r\n                    <div class=\"entry-header\">\r\n                        <a\r\n                            style=\"color: #333; font-size:18px!important; text-decoration: none;\" href=\"https:\/\/dev.vegconom.de\/germany\/stellenanzeigen\/mediaberater-m-w-d-gesucht-20-30-stunden-woche\/\">\r\n                            Mediaberater (m\/w\/d) gesucht (20-30 Stunden\/Woche)                        <\/a>\r\n                    <\/div>\r\n                <\/div>\r\n                        <\/div>\r\n        <\/div>\n<p><b>Wir sch\u00e4tzen Pressemitteilungen, die unserer Redaktion und unserer Zielgruppe relevante Neuigkeiten und Informationen liefern. Folgende Aspekte sind uns dabei wichtig und erh\u00f6hen die Chance, dass wir Ihr Thema redaktionell aufgreifen:<\/b><\/p>\n<ul>\n<li style=\"font-weight: 400\"><span style=\"font-weight: 400\">Klarer Bezug zu unseren Kernthemen plant-based Wirtschaft, Alternative Proteine und zellul\u00e4re Landwirtschaft<\/span><\/li>\n<li style=\"font-weight: 400\"><span style=\"font-weight: 400\">Sachlicher Stil<\/span><\/li>\n<li style=\"font-weight: 400\"><span style=\"font-weight: 400\">Relevanz f\u00fcr Entscheider:innen aus Wirtschaft, Politik, NGO, Forschung<\/span><\/li>\n<li style=\"font-weight: 400\"><span style=\"font-weight: 400\">Der Inhalt ist exklusiv oder wird unter Embargo zur Verf\u00fcgung gestellt<\/span><\/li>\n<li style=\"font-weight: 400\"><span style=\"font-weight: 400\">Der Absender ist offen f\u00fcr R\u00fcckfragen und eine Kontaktperson f\u00fcr die Medien ist angegeben<\/span><\/li>\n<li style=\"font-weight: 400\"><span style=\"font-weight: 400\">Mindestens 1 Pressebild\/Grafik wird direkt im Anhang oder als Link zur Verf\u00fcgung gestellt<\/span><\/li>\n<\/ul>\n<p><b>Konkret kann es sich dabei handeln um:<\/b><\/p><div class=\"vegco-after-5th-paragraph-in-content-mobile-only\" style=\"margin-top: 20px;margin-bottom: 20px;\" id=\"vegco-2311507004\"><div class=\"vegco-adlabel\">Anzeige<\/div>        <div class=\"sponsored-post-container advadgroup\" style=\"margin-top: 12px; margin-bottom: 45px;\">\r\n            <p style=\"border-bottom: solid #333 2px; padding-bottom: 5px; font-weight: 900; font-size: 16px;\">Sponsored<\/p>\r\n                            <div class=\"preview-inside-article\">\r\n                    <div class=\"post-image\">\r\n                        <a style=\" text-decoration: none;\" href=\"https:\/\/dev.vegconom.de\/germany\/marketing-und-medien\/update-business-webtalk-teil-7\/\">\r\n                            <img loading=\"lazy\" decoding=\"async\" width=\"1200\" height=\"900\" src=\"https:\/\/assets.vegconom.de\/media\/wp-content\/uploads\/sites\/2\/2024\/11\/13100235\/DECEMBER-Artikel-HeaderThumbnail-update-1200-x-900-px-vegconomist-update-business-webtalk.jpg\" class=\"attachment-full size-full wp-post-image\" alt=\"update business webtalk\" srcset=\"https:\/\/assets.vegconom.de\/media\/wp-content\/uploads\/sites\/2\/2024\/11\/13100235\/DECEMBER-Artikel-HeaderThumbnail-update-1200-x-900-px-vegconomist-update-business-webtalk.jpg 1200w, https:\/\/assets.vegconom.de\/media\/wp-content\/uploads\/sites\/2\/2024\/11\/13100235\/DECEMBER-Artikel-HeaderThumbnail-update-1200-x-900-px-vegconomist-update-business-webtalk-300x225.jpg 300w, https:\/\/assets.vegconom.de\/media\/wp-content\/uploads\/sites\/2\/2024\/11\/13100235\/DECEMBER-Artikel-HeaderThumbnail-update-1200-x-900-px-vegconomist-update-business-webtalk-1024x768.jpg 1024w, https:\/\/assets.vegconom.de\/media\/wp-content\/uploads\/sites\/2\/2024\/11\/13100235\/DECEMBER-Artikel-HeaderThumbnail-update-1200-x-900-px-vegconomist-update-business-webtalk-150x113.jpg 150w, https:\/\/assets.vegconom.de\/media\/wp-content\/uploads\/sites\/2\/2024\/11\/13100235\/DECEMBER-Artikel-HeaderThumbnail-update-1200-x-900-px-vegconomist-update-business-webtalk-768x576.jpg 768w\" sizes=\"(max-width: 1200px) 100vw, 1200px\" \/>                        <\/a>\r\n                    <\/div>\r\n                    <div class=\"entry-header\">\r\n                        <a\r\n                            style=\"color: #333; font-size:18px!important; text-decoration: none;\" href=\"https:\/\/dev.vegconom.de\/germany\/marketing-und-medien\/update-business-webtalk-teil-7\/\">\r\n                            update Business Webtalk Teil 7: Reflecting on 2024 and Future Prospects \u2013 What\u2019s Next in the Alt Protein Industry?                        <\/a>\r\n                    <\/div>\r\n                <\/div>\r\n                        <\/div>\r\n        <\/div>\n<ul>\n<li style=\"font-weight: 400\"><span style=\"font-weight: 400\">Ank\u00fcndigungen einzelner Unternehmen, die einen wesentlichen Einfluss auf ihre plant-based Strategie oder auf die gesamte Branche haben werden (Investments, Erweiterung von Gesch\u00e4ftsfeldern, Erweiterung von plant-based Produkten oder L\u00f6sungen, Ziele f\u00fcr die Proteinwende, etc.)<\/span><\/li>\n<li style=\"font-weight: 400\"><span style=\"font-weight: 400\">Einblicke in einen bestimmten Trend oder ein Thema von gro\u00dfem Interesse f\u00fcr die Branche<\/span><\/li>\n<li style=\"font-weight: 400\"><span style=\"font-weight: 400\">Akademische oder unabh\u00e4ngige Studien und Forschung, die unsere Kernthemen betreffen<\/span><\/li>\n<li style=\"font-weight: 400\"><span style=\"font-weight: 400\">Wenn Sie einen Produktlaunch ank\u00fcndigen, heben Sie innovative Eigenschaften hervor und liefern relevante b2b Informationen f\u00fcr z.B. Handel und Foodservice mit, erg\u00e4nzen Sie Angaben zur Verf\u00fcgbarkeit in der DACH-Region f\u00fcr b2b Kunden\u00a0<\/span><\/li>\n<li style=\"font-weight: 400\"><span style=\"font-weight: 400\">Wenn Sie \u00fcber Ingredients, Prozesstechnologie oder Packaging berichten, stellen Sie klar, welchen Mehrwert Ihre L\u00f6sung f\u00fcr plant-based Anwendungen bereitstellt und\/oder welche Erfahrung und Expertise Sie in diesem Bereich einbringen k\u00f6nnen<\/span><\/li>\n<li style=\"font-weight: 400\"><span style=\"font-weight: 400\">Wir ber\u00fccksichtigen Anfragen f\u00fcr Interviews, Gastbeitr\u00e4ge oder Meinungsst\u00fccke von Expert:innen und angesehenen Pers\u00f6nlichkeiten aus der Branche<\/span><\/li>\n<\/ul>\n<p><span style=\"font-weight: 400\">Bitte senden Sie Ihre Pressemitteilungen und Anfragen an <\/span><a href=\"mailto:newsdesk@vegconomist.com\"><span style=\"font-weight: 400\">newsdesk@vegconomist.com<\/span><\/a><\/p>\n<p><em><span class=\"ui-provider a b c d e f g h i j k l m n o p q r s t u v w x y z ab ac ae af ag ah ai aj ak\" dir=\"ltr\">M\u00f6chten Sie sicherstellen, dass Ihr Beitrag garantiert ver\u00f6ffentlicht und deutlich hervorgehoben wird? Dann nutzen Sie die M\u00f6glichkeit eines Sponsored Post, der eine Woche lang in allen Kategorien und Artikeln verlinkt erscheint, sodass wirklich niemand Ihre Innovation verpasst. Wenden Sie sich dazu per Mail an <a class=\"fui-Link ___1rxvrpe f2hkw1w f3rmtva f1ewtqcl fyind8e f1k6fduh f1w7gpdv fk6fouc fjoy568 figsok6 f1hu3pq6 f11qmguv f19f4twv f1tyq0we f1g0x7ka fhxju0i f1qch9an f1cnd47f fqv5qza f1vmzxwi f1o700av f13mvf36 f1cmlufx f9n3di6 f1ids18y f1tx3yz7 f1deo86v f1eh06m1 f1iescvh fhgqx19 f1olyrje f1p93eir f1nev41a f1h8hb77 f1lqvz6u f10aw75t fsle3fq f17ae5zn\" title=\"mailto:advertising@vegconomist.com\" href=\"mailto:advertising@vegconomist.com\" target=\"_blank\" rel=\"noreferrer noopener\" aria-label=\"Link advertising@vegconomist.com\">advertising@vegconomist.com<\/a><\/span><\/em><\/p>\n<div class=\"vegco-after-content\" id=\"vegco-208290112\"><hr>\r\n<p style=\"background-color: #e0e0e0; padding: 15px;\"><strong>Jetzt vegconomist+ Unterst\u00fctzer:in werden!<\/strong>\r\n<br>\r\nvegconomist publiziert unabh\u00e4ngig von gro\u00dfen Verlagen. Ihre Unterst\u00fctzung hilft uns dabei, auf vegconomist.de frei zug\u00e4nglich f\u00fcr alle zu bleiben.\r\n<br>\r\n<a href=\"https:\/\/dev.vegconom.de\/germany\/vegconomist-plus\/\">>>> Jetzt unterst\u00fctzen<\/a><\/p><\/div>","protected":false},"excerpt":{"rendered":"<p>Die redaktionelle Arbeit und Ausrichtung von vegconomist: Wir sind ein rein digitales, veganes Wirtschaftsmagazin und berichten \u00fcber alle Themen, die f\u00fcr Unternehmen und Meinungsf\u00fchrer:innen im plant-based Sektor relevant sind, inklusive Non-Food und zellul\u00e4rer Landwirtschaft. Als Querschnittsmagazin liefert vegconomist relevante Informationen, die die gesamte Wertsch\u00f6pfungskette betreffen.\u00a0 Unsere Leser:innen haben eines gemeinsam &#8211; das Interesse f\u00fcr Nachrichten rund um die plant-based Wirtschaft, Alternative Proteine und zellul\u00e4re Landwirtschaft. Zu unserer Leserschaft z\u00e4hlen Fachleute &#8230; <\/p>\n<p class=\"read-more-container\"><a title=\"update Business Webtalk Teil 7: Reflecting on 2024 and Future Prospects \u2013 What\u2019s Next in the Alt Protein Industry?\" class=\"read-more button\" href=\"https:\/\/dev.vegconom.de\/germany\/marketing-und-medien\/update-business-webtalk-teil-7\/#more-120253\" aria-label=\"Mehr Informationen \u00fcber update Business Webtalk Teil 7: Reflecting on 2024 and Future Prospects \u2013 What\u2019s Next in the Alt Protein Industry?\">mehr<\/a><\/p>\n","protected":false},"author":850,"featured_media":0,"parent":0,"menu_order":0,"comment_status":"closed","ping_status":"closed","template":"","meta":{"_mo_disable_npp":"","ngg_post_thumbnail":0,"footnotes":""},"class_list":["post-114925","page","type-page","status-publish","hentry","infinite-scroll-item"],"_links":{"self":[{"href":"https:\/\/dev.vegconom.de\/germany\/wp-json\/wp\/v2\/pages\/114925","targetHints":{"allow":["GET"]}}],"collection":[{"href":"https:\/\/dev.vegconom.de\/germany\/wp-json\/wp\/v2\/pages"}],"about":[{"href":"https:\/\/dev.vegconom.de\/germany\/wp-json\/wp\/v2\/types\/page"}],"author":[{"embeddable":true,"href":"https:\/\/dev.vegconom.de\/germany\/wp-json\/wp\/v2\/users\/850"}],"replies":[{"embeddable":true,"href":"https:\/\/dev.vegconom.de\/germany\/wp-json\/wp\/v2\/comments?post=114925"}],"version-history":[{"count":6,"href":"https:\/\/dev.vegconom.de\/germany\/wp-json\/wp\/v2\/pages\/114925\/revisions"}],"predecessor-version":[{"id":118637,"href":"https:\/\/dev.vegconom.de\/germany\/wp-json\/wp\/v2\/pages\/114925\/revisions\/118637"}],"wp:attachment":[{"href":"https:\/\/dev.vegconom.de\/germany\/wp-json\/wp\/v2\/media?parent=114925"}],"curies":[{"name":"wp","href":"https:\/\/api.w.org\/{rel}","templated":true}]}}